{"id":605,"date":"2023-05-09T01:34:09","date_gmt":"2023-05-09T01:34:09","guid":{"rendered":"https:\/\/akror.com\/?page_id=605"},"modified":"2023-05-09T01:38:18","modified_gmt":"2023-05-09T01:38:18","slug":"rabbeat","status":"publish","type":"page","link":"https:\/\/akror.com\/index.php\/artists\/rabbeat\/","title":{"rendered":"rabbeat"},"content":{"rendered":"\n<figure class=\"wp-block-image aligncenter size-full\"><img loading=\"lazy\" decoding=\"async\" width=\"800\" height=\"800\" src=\"https:\/\/i0.wp.com\/akror.com\/wp-content\/uploads\/2023\/05\/RAsseAT-2.jpg?resize=800%2C800&#038;ssl=1\" alt=\"\" class=\"wp-image-606\" srcset=\"https:\/\/i0.wp.com\/akror.com\/wp-content\/uploads\/2023\/05\/RAsseAT-2.jpg?w=800&amp;ssl=1 800w, https:\/\/i0.wp.com\/akror.com\/wp-content\/uploads\/2023\/05\/RAsseAT-2.jpg?resize=300%2C300&amp;ssl=1 300w, https:\/\/i0.wp.com\/akror.com\/wp-content\/uploads\/2023\/05\/RAsseAT-2.jpg?resize=150%2C150&amp;ssl=1 150w, https:\/\/i0.wp.com\/akror.com\/wp-content\/uploads\/2023\/05\/RAsseAT-2.jpg?resize=768%2C768&amp;ssl=1 768w, https:\/\/i0.wp.com\/akror.com\/wp-content\/uploads\/2023\/05\/RAsseAT-2.jpg?resize=500%2C500&amp;ssl=1 500w, https:\/\/i0.wp.com\/akror.com\/wp-content\/uploads\/2023\/05\/RAsseAT-2.jpg?resize=600%2C600&amp;ssl=1 600w, https:\/\/i0.wp.com\/akror.com\/wp-content\/uploads\/2023\/05\/RAsseAT-2.jpg?resize=100%2C100&amp;ssl=1 100w, https:\/\/i0.wp.com\/akror.com\/wp-content\/uploads\/2023\/05\/RAsseAT-2.jpg?resize=50%2C50&amp;ssl=1 50w\" sizes=\"(max-width: 800px) 100vw, 800px\" data-recalc-dims=\"1\" \/><\/figure>\n\n\n\n<p>RABBeAT<\/p>\n\n\n\n<p>RABBeAT is a French dj and producer, he describes himself as \u201c a ghost trapped in a beat&#8230; Music lover, noise adept, techno rookie, hardcore addict, digger of emotions \u201c His aggressive and hard sound is inspired by artists such as Viol Du Son or PLEX\u00d8S, just to name a few.\u00a0<br>Currently holding a residence at Cartel recordings and Dusk records and being co-founder of Stickzy Production, he is one of the most interesting artist from the French hard techno scene scene.<\/p>\n\n\n\n<div style=\"height:44px\" aria-hidden=\"true\" class=\"wp-block-spacer\"><\/div>\n\n\n\n<div class=\"wp-block-group is-nowrap is-layout-flex wp-container-core-group-layout-2 wp-block-group-is-layout-flex\">\n<p>HEAR MORE ABOUT THIS ARTIST HERE<\/p>\n\n\n\n<hr class=\"wp-block-separator has-alpha-channel-opacity\"\/>\n\n\n\n<div style=\"height:35px\" aria-hidden=\"true\" class=\"wp-block-spacer\"><\/div>\n\n\n\n<div class=\"wp-block-group is-content-justification-left is-nowrap is-layout-flex wp-container-core-group-layout-1 wp-block-group-is-layout-flex\">\n<figure class=\"wp-block-image size-full is-resized\"><a href=\"https:\/\/soundcloud.com\/rabbeaat\"><img loading=\"lazy\" decoding=\"async\" src=\"https:\/\/i0.wp.com\/akror.com\/wp-content\/uploads\/2023\/05\/soundcloud-1-copy-1.png?resize=78%2C44&#038;ssl=1\" alt=\"\" class=\"wp-image-540\" width=\"78\" height=\"44\" data-recalc-dims=\"1\" \/><\/a><\/figure>\n\n\n\n<figure class=\"wp-block-image size-full is-resized\"><a href=\"https:\/\/www.facebook.com\/raverabbeat\"><img loading=\"lazy\" decoding=\"async\" src=\"https:\/\/i0.wp.com\/akror.com\/wp-content\/uploads\/2023\/05\/facebook-copy.png?resize=50%2C50\" alt=\"\" class=\"wp-image-104\" width=\"50\" height=\"50\" srcset=\"https:\/\/i0.wp.com\/akror.com\/wp-content\/uploads\/2023\/05\/facebook-copy.png?w=300&amp;ssl=1 300w, https:\/\/i0.wp.com\/akror.com\/wp-content\/uploads\/2023\/05\/facebook-copy.png?resize=150%2C150&amp;ssl=1 150w, https:\/\/i0.wp.com\/akror.com\/wp-content\/uploads\/2023\/05\/facebook-copy.png?resize=100%2C100&amp;ssl=1 100w\" sizes=\"(max-width: 50px) 100vw, 50px\" data-recalc-dims=\"1\" \/><\/a><\/figure>\n\n\n\n<figure class=\"wp-block-image size-full is-resized\"><a href=\"https:\/\/www.instagram.com\/rabbeat.music\/\"><img loading=\"lazy\" decoding=\"async\" src=\"https:\/\/i0.wp.com\/akror.com\/wp-content\/uploads\/2023\/05\/instagram-2.png?resize=51%2C50\" alt=\"\" class=\"wp-image-95\" width=\"51\" height=\"50\" data-recalc-dims=\"1\" \/><\/a><\/figure>\n<\/div>\n<\/div>\n\n\n\n<div style=\"height:19px\" aria-hidden=\"true\" class=\"wp-block-spacer\"><\/div>\n\n\n\n<iframe loading=\"lazy\" width=\"100%\" height=\"166\" scrolling=\"no\" frameborder=\"no\" allow=\"autoplay\" src=\"https:\/\/w.soundcloud.com\/player\/?url=https%3A\/\/api.soundcloud.com\/tracks\/921772696&#038;color=%23ff5500&#038;auto_play=false&#038;hide_related=false&#038;show_comments=true&#038;show_user=true&#038;show_reposts=false&#038;show_teaser=true\"><\/iframe><div style=\"font-size: 10px; color: #cccccc;line-break: anywhere;word-break: normal;overflow: hidden;white-space: nowrap;text-overflow: ellipsis; font-family: Interstate,Lucida Grande,Lucida Sans Unicode,Lucida Sans,Garuda,Verdana,Tahoma,sans-serif;font-weight: 100;\"><a href=\"https:\/\/soundcloud.com\/akrorlondon\" title=\"AKR\u00d8R\" target=\"_blank\" style=\"color: #cccccc; text-decoration: none;\" rel=\"noopener\">AKR\u00d8R<\/a> \u00b7 <a href=\"https:\/\/soundcloud.com\/akrorlondon\/akror-podcast-009-rasseat\" title=\"AKR\u00d8R PODCAST 009 - RA\u00df\u00dfeAT\" target=\"_blank\" style=\"color: #cccccc; text-decoration: none;\" rel=\"noopener\">AKR\u00d8R PODCAST 009 &#8211; RA\u00df\u00dfeAT<\/a><\/div>\n\n\n\n<p><\/p>\n","protected":false},"excerpt":{"rendered":"<p>RABBeAT RABBeAT is a French dj and producer, he describes himself as \u201c a ghost trapped in a beat&#8230; Music lover, noise adept, techno rookie, hardcore addict, digger of emotions \u201c His aggressive and hard sound is inspired by artists such as Viol Du Son or PLEX\u00d8S, just to name a few.\u00a0Currently holding a residence [&hellip;]<\/p>\n","protected":false},"author":1,"featured_media":0,"parent":468,"menu_order":0,"comment_status":"closed","ping_status":"closed","template":"","meta":{"footnotes":""},"yoast_head":"<!-- This site is optimized with the Yoast SEO plugin v23.5 - https:\/\/yoast.com\/wordpress\/plugins\/seo\/ -->\n<title>rabbeat - AKROR<\/title>\n<meta name=\"robots\" content=\"index, follow, max-snippet:-1, max-image-preview:large, max-video-preview:-1\" \/>\n<link rel=\"canonical\" href=\"https:\/\/akror.com\/index.php\/artists\/rabbeat\/\" \/>\n<meta property=\"og:locale\" content=\"en_US\" \/>\n<meta property=\"og:type\" content=\"article\" \/>\n<meta property=\"og:title\" content=\"rabbeat - AKROR\" \/>\n<meta property=\"og:description\" content=\"RABBeAT RABBeAT is a French dj and producer, he describes himself as \u201c a ghost trapped in a beat&#8230; Music lover, noise adept, techno rookie, hardcore addict, digger of emotions \u201c His aggressive and hard sound is inspired by artists such as Viol Du Son or PLEX\u00d8S, just to name a few.\u00a0Currently holding a residence [&hellip;]\" \/>\n<meta property=\"og:url\" content=\"https:\/\/akror.com\/index.php\/artists\/rabbeat\/\" \/>\n<meta property=\"og:site_name\" content=\"AKROR\" \/>\n<meta property=\"article:modified_time\" content=\"2023-05-09T01:38:18+00:00\" \/>\n<meta property=\"og:image\" content=\"https:\/\/akror.com\/wp-content\/uploads\/2023\/05\/RAsseAT-2.jpg\" \/>\n<meta name=\"twitter:card\" content=\"summary_large_image\" \/>\n<meta name=\"twitter:label1\" content=\"Est. reading time\" \/>\n\t<meta name=\"twitter:data1\" content=\"2 minutes\" \/>\n<script type=\"application\/ld+json\" class=\"yoast-schema-graph\">{\"@context\":\"https:\/\/schema.org\",\"@graph\":[{\"@type\":\"WebPage\",\"@id\":\"https:\/\/akror.com\/index.php\/artists\/rabbeat\/\",\"url\":\"https:\/\/akror.com\/index.php\/artists\/rabbeat\/\",\"name\":\"rabbeat - AKROR\",\"isPartOf\":{\"@id\":\"https:\/\/akror.com\/#website\"},\"primaryImageOfPage\":{\"@id\":\"https:\/\/akror.com\/index.php\/artists\/rabbeat\/#primaryimage\"},\"image\":{\"@id\":\"https:\/\/akror.com\/index.php\/artists\/rabbeat\/#primaryimage\"},\"thumbnailUrl\":\"https:\/\/akror.com\/wp-content\/uploads\/2023\/05\/RAsseAT-2.jpg\",\"datePublished\":\"2023-05-09T01:34:09+00:00\",\"dateModified\":\"2023-05-09T01:38:18+00:00\",\"breadcrumb\":{\"@id\":\"https:\/\/akror.com\/index.php\/artists\/rabbeat\/#breadcrumb\"},\"inLanguage\":\"en-US\",\"potentialAction\":[{\"@type\":\"ReadAction\",\"target\":[\"https:\/\/akror.com\/index.php\/artists\/rabbeat\/\"]}]},{\"@type\":\"ImageObject\",\"inLanguage\":\"en-US\",\"@id\":\"https:\/\/akror.com\/index.php\/artists\/rabbeat\/#primaryimage\",\"url\":\"https:\/\/akror.com\/wp-content\/uploads\/2023\/05\/RAsseAT-2.jpg\",\"contentUrl\":\"https:\/\/akror.com\/wp-content\/uploads\/2023\/05\/RAsseAT-2.jpg\"},{\"@type\":\"BreadcrumbList\",\"@id\":\"https:\/\/akror.com\/index.php\/artists\/rabbeat\/#breadcrumb\",\"itemListElement\":[{\"@type\":\"ListItem\",\"position\":1,\"name\":\"Home\",\"item\":\"https:\/\/akror.com\/index.php\/homepage\/\"},{\"@type\":\"ListItem\",\"position\":2,\"name\":\"ARTISTS\",\"item\":\"https:\/\/akror.com\/index.php\/artists\/\"},{\"@type\":\"ListItem\",\"position\":3,\"name\":\"rabbeat\"}]},{\"@type\":\"WebSite\",\"@id\":\"https:\/\/akror.com\/#website\",\"url\":\"https:\/\/akror.com\/\",\"name\":\"AKROR\",\"description\":\"\",\"publisher\":{\"@id\":\"https:\/\/akror.com\/#organization\"},\"potentialAction\":[{\"@type\":\"SearchAction\",\"target\":{\"@type\":\"EntryPoint\",\"urlTemplate\":\"https:\/\/akror.com\/?s={search_term_string}\"},\"query-input\":{\"@type\":\"PropertyValueSpecification\",\"valueRequired\":true,\"valueName\":\"search_term_string\"}}],\"inLanguage\":\"en-US\"},{\"@type\":\"Organization\",\"@id\":\"https:\/\/akror.com\/#organization\",\"name\":\"AKROR\",\"url\":\"https:\/\/akror.com\/\",\"logo\":{\"@type\":\"ImageObject\",\"inLanguage\":\"en-US\",\"@id\":\"https:\/\/akror.com\/#\/schema\/logo\/image\/\",\"url\":\"https:\/\/i0.wp.com\/akror.com\/wp-content\/uploads\/2023\/05\/akror-logo-1.jpg?fit=1104%2C1104&ssl=1\",\"contentUrl\":\"https:\/\/i0.wp.com\/akror.com\/wp-content\/uploads\/2023\/05\/akror-logo-1.jpg?fit=1104%2C1104&ssl=1\",\"width\":1104,\"height\":1104,\"caption\":\"AKROR\"},\"image\":{\"@id\":\"https:\/\/akror.com\/#\/schema\/logo\/image\/\"}}]}<\/script>\n<!-- \/ Yoast SEO plugin. -->","yoast_head_json":{"title":"rabbeat - AKROR","robots":{"index":"index","follow":"follow","max-snippet":"max-snippet:-1","max-image-preview":"max-image-preview:large","max-video-preview":"max-video-preview:-1"},"canonical":"https:\/\/akror.com\/index.php\/artists\/rabbeat\/","og_locale":"en_US","og_type":"article","og_title":"rabbeat - AKROR","og_description":"RABBeAT RABBeAT is a French dj and producer, he describes himself as \u201c a ghost trapped in a beat&#8230; Music lover, noise adept, techno rookie, hardcore addict, digger of emotions \u201c His aggressive and hard sound is inspired by artists such as Viol Du Son or PLEX\u00d8S, just to name a few.\u00a0Currently holding a residence [&hellip;]","og_url":"https:\/\/akror.com\/index.php\/artists\/rabbeat\/","og_site_name":"AKROR","article_modified_time":"2023-05-09T01:38:18+00:00","og_image":[{"url":"https:\/\/akror.com\/wp-content\/uploads\/2023\/05\/RAsseAT-2.jpg"}],"twitter_card":"summary_large_image","twitter_misc":{"Est. reading time":"2 minutes"},"schema":{"@context":"https:\/\/schema.org","@graph":[{"@type":"WebPage","@id":"https:\/\/akror.com\/index.php\/artists\/rabbeat\/","url":"https:\/\/akror.com\/index.php\/artists\/rabbeat\/","name":"rabbeat - AKROR","isPartOf":{"@id":"https:\/\/akror.com\/#website"},"primaryImageOfPage":{"@id":"https:\/\/akror.com\/index.php\/artists\/rabbeat\/#primaryimage"},"image":{"@id":"https:\/\/akror.com\/index.php\/artists\/rabbeat\/#primaryimage"},"thumbnailUrl":"https:\/\/akror.com\/wp-content\/uploads\/2023\/05\/RAsseAT-2.jpg","datePublished":"2023-05-09T01:34:09+00:00","dateModified":"2023-05-09T01:38:18+00:00","breadcrumb":{"@id":"https:\/\/akror.com\/index.php\/artists\/rabbeat\/#breadcrumb"},"inLanguage":"en-US","potentialAction":[{"@type":"ReadAction","target":["https:\/\/akror.com\/index.php\/artists\/rabbeat\/"]}]},{"@type":"ImageObject","inLanguage":"en-US","@id":"https:\/\/akror.com\/index.php\/artists\/rabbeat\/#primaryimage","url":"https:\/\/akror.com\/wp-content\/uploads\/2023\/05\/RAsseAT-2.jpg","contentUrl":"https:\/\/akror.com\/wp-content\/uploads\/2023\/05\/RAsseAT-2.jpg"},{"@type":"BreadcrumbList","@id":"https:\/\/akror.com\/index.php\/artists\/rabbeat\/#breadcrumb","itemListElement":[{"@type":"ListItem","position":1,"name":"Home","item":"https:\/\/akror.com\/index.php\/homepage\/"},{"@type":"ListItem","position":2,"name":"ARTISTS","item":"https:\/\/akror.com\/index.php\/artists\/"},{"@type":"ListItem","position":3,"name":"rabbeat"}]},{"@type":"WebSite","@id":"https:\/\/akror.com\/#website","url":"https:\/\/akror.com\/","name":"AKROR","description":"","publisher":{"@id":"https:\/\/akror.com\/#organization"},"potentialAction":[{"@type":"SearchAction","target":{"@type":"EntryPoint","urlTemplate":"https:\/\/akror.com\/?s={search_term_string}"},"query-input":{"@type":"PropertyValueSpecification","valueRequired":true,"valueName":"search_term_string"}}],"inLanguage":"en-US"},{"@type":"Organization","@id":"https:\/\/akror.com\/#organization","name":"AKROR","url":"https:\/\/akror.com\/","logo":{"@type":"ImageObject","inLanguage":"en-US","@id":"https:\/\/akror.com\/#\/schema\/logo\/image\/","url":"https:\/\/i0.wp.com\/akror.com\/wp-content\/uploads\/2023\/05\/akror-logo-1.jpg?fit=1104%2C1104&ssl=1","contentUrl":"https:\/\/i0.wp.com\/akror.com\/wp-content\/uploads\/2023\/05\/akror-logo-1.jpg?fit=1104%2C1104&ssl=1","width":1104,"height":1104,"caption":"AKROR"},"image":{"@id":"https:\/\/akror.com\/#\/schema\/logo\/image\/"}}]}},"jetpack_sharing_enabled":true,"jetpack-related-posts":[],"_links":{"self":[{"href":"https:\/\/akror.com\/index.php\/wp-json\/wp\/v2\/pages\/605"}],"collection":[{"href":"https:\/\/akror.com\/index.php\/wp-json\/wp\/v2\/pages"}],"about":[{"href":"https:\/\/akror.com\/index.php\/wp-json\/wp\/v2\/types\/page"}],"author":[{"embeddable":true,"href":"https:\/\/akror.com\/index.php\/wp-json\/wp\/v2\/users\/1"}],"replies":[{"embeddable":true,"href":"https:\/\/akror.com\/index.php\/wp-json\/wp\/v2\/comments?post=605"}],"version-history":[{"count":2,"href":"https:\/\/akror.com\/index.php\/wp-json\/wp\/v2\/pages\/605\/revisions"}],"predecessor-version":[{"id":608,"href":"https:\/\/akror.com\/index.php\/wp-json\/wp\/v2\/pages\/605\/revisions\/608"}],"up":[{"embeddable":true,"href":"https:\/\/akror.com\/index.php\/wp-json\/wp\/v2\/pages\/468"}],"wp:attachment":[{"href":"https:\/\/akror.com\/index.php\/wp-json\/wp\/v2\/media?parent=605"}],"curies":[{"name":"wp","href":"https:\/\/api.w.org\/{rel}","templated":true}]}}